
{"id":28,"date":"2020-12-01T15:06:13","date_gmt":"2020-12-01T14:06:13","guid":{"rendered":"http:\/\/lamoulinettelille.fr\/?page_id=28"},"modified":"2023-07-18T10:16:00","modified_gmt":"2023-07-18T08:16:00","slug":"miam-miam","status":"publish","type":"page","link":"https:\/\/lamoulinettelille.fr\/?page_id=28","title":{"rendered":"Manger et boire"},"content":{"rendered":"\n<p><em><strong>R\u00e9servations possibles par t\u00e9l\u00e9phone d\u00e8s 9h30 au 03.74.44.17.04<\/strong><\/em><\/p>\n\n\n\n<p>Service du midi : 12h15\/14h30 <\/p>\n\n\n\n<p>Petite restauration le soir : 18h30\/22h <\/p>\n\n\n\n<p>Samedi, c&#8217;est Brunch : 11h30\/14h30<\/p>\n\n\n\n<p>Vendredi soir, c&#8217;est resto-v\u00e9lo avec alternativement <a href=\"https:\/\/www.pizzerialarouelibre.fr\/\" data-type=\"URL\" data-id=\"https:\/\/www.pizzerialarouelibre.fr\/\">La roue libre<\/a> ou <a href=\"https:\/\/www.facebook.com\/OSaveursMobiles\/menu\/\">\u00d4 saveurs mobiles<\/a>.<\/p>\n\n\n\n<h3 class=\"wp-block-heading\">Notre charte culinaire : manger bien, manger sain&#8230; \u00e0 un prix abordable !<\/h3>\n\n\n\n<figure class=\"wp-block-gallery columns-3 is-cropped wp-block-gallery-1 is-layout-flex wp-block-gallery-is-layout-flex\"><ul class=\"blocks-gallery-grid\"><li class=\"blocks-gallery-item\"><figure><img loading=\"lazy\" decoding=\"async\" width=\"1024\" height=\"724\" src=\"http:\/\/lamoulinettelille.fr\/wp-content\/uploads\/2023\/06\/pois-casse-1024x724.jpg\" alt=\"\" data-id=\"514\" data-full-url=\"http:\/\/lamoulinettelille.fr\/wp-content\/uploads\/2023\/06\/pois-casse-scaled.jpg\" data-link=\"http:\/\/lamoulinettelille.fr\/?attachment_id=514\" class=\"wp-image-514\" srcset=\"https:\/\/lamoulinettelille.fr\/wp-content\/uploads\/2023\/06\/pois-casse-1024x724.jpg 1024w, https:\/\/lamoulinettelille.fr\/wp-content\/uploads\/2023\/06\/pois-casse-300x212.jpg 300w, https:\/\/lamoulinettelille.fr\/wp-content\/uploads\/2023\/06\/pois-casse-768x543.jpg 768w, https:\/\/lamoulinettelille.fr\/wp-content\/uploads\/2023\/06\/pois-casse-1536x1086.jpg 1536w, https:\/\/lamoulinettelille.fr\/wp-content\/uploads\/2023\/06\/pois-casse-2048x1448.jpg 2048w, https:\/\/lamoulinettelille.fr\/wp-content\/uploads\/2023\/06\/pois-casse-600x424.jpg 600w\" sizes=\"auto, (max-width: 1024px) 100vw, 1024px\" \/><\/figure><\/li><li class=\"blocks-gallery-item\"><figure><img loading=\"lazy\" decoding=\"async\" width=\"1024\" height=\"724\" src=\"http:\/\/lamoulinettelille.fr\/wp-content\/uploads\/2023\/06\/tomate-1024x724.jpg\" alt=\"\" data-id=\"524\" data-full-url=\"http:\/\/lamoulinettelille.fr\/wp-content\/uploads\/2023\/06\/tomate-scaled.jpg\" data-link=\"http:\/\/lamoulinettelille.fr\/?attachment_id=524\" class=\"wp-image-524\" srcset=\"https:\/\/lamoulinettelille.fr\/wp-content\/uploads\/2023\/06\/tomate-1024x724.jpg 1024w, https:\/\/lamoulinettelille.fr\/wp-content\/uploads\/2023\/06\/tomate-300x212.jpg 300w, https:\/\/lamoulinettelille.fr\/wp-content\/uploads\/2023\/06\/tomate-768x543.jpg 768w, https:\/\/lamoulinettelille.fr\/wp-content\/uploads\/2023\/06\/tomate-1536x1086.jpg 1536w, https:\/\/lamoulinettelille.fr\/wp-content\/uploads\/2023\/06\/tomate-2048x1448.jpg 2048w, https:\/\/lamoulinettelille.fr\/wp-content\/uploads\/2023\/06\/tomate-600x424.jpg 600w\" sizes=\"auto, (max-width: 1024px) 100vw, 1024px\" \/><\/figure><\/li><li class=\"blocks-gallery-item\"><figure><img loading=\"lazy\" decoding=\"async\" width=\"1024\" height=\"724\" src=\"http:\/\/lamoulinettelille.fr\/wp-content\/uploads\/2023\/06\/celeri-1024x724.jpg\" alt=\"\" data-id=\"486\" data-full-url=\"http:\/\/lamoulinettelille.fr\/wp-content\/uploads\/2023\/06\/celeri-scaled.jpg\" data-link=\"http:\/\/lamoulinettelille.fr\/?attachment_id=486\" class=\"wp-image-486\" srcset=\"https:\/\/lamoulinettelille.fr\/wp-content\/uploads\/2023\/06\/celeri-1024x724.jpg 1024w, https:\/\/lamoulinettelille.fr\/wp-content\/uploads\/2023\/06\/celeri-300x212.jpg 300w, https:\/\/lamoulinettelille.fr\/wp-content\/uploads\/2023\/06\/celeri-768x543.jpg 768w, https:\/\/lamoulinettelille.fr\/wp-content\/uploads\/2023\/06\/celeri-1536x1086.jpg 1536w, https:\/\/lamoulinettelille.fr\/wp-content\/uploads\/2023\/06\/celeri-2048x1448.jpg 2048w, https:\/\/lamoulinettelille.fr\/wp-content\/uploads\/2023\/06\/celeri-600x424.jpg 600w\" sizes=\"auto, (max-width: 1024px) 100vw, 1024px\" \/><\/figure><\/li><\/ul><\/figure>\n\n\n\n<p>\u00c0  la Moulinette, on vous concocte avec passion<strong> des petits plats, des sandwichs, des planches ap\u00e9ritives et des p\u00e2tisseries maison<\/strong> avec des produits :<\/p>\n\n\n\n<ul class=\"wp-block-list\"><li><strong>frais<\/strong><ul><li><strong>bio<\/strong><ul><li><strong>locaux<\/strong><ul><li><strong>\u00e9thiques.<\/strong><\/li><\/ul><\/li><\/ul><\/li><\/ul><\/li><\/ul>\n\n\n\n<p>Au-del\u00e0 des labels, il s&#8217;agit de soutenir des d\u00e9marches vertueuses et raisonn\u00e9es, dans <strong>le respect de la saisonnalit\u00e9<\/strong>, tout en garantissant le <strong>meilleur rapport qualit\u00e9\/prix possible.<\/strong><\/p>\n\n\n\n<p>Ainsi, la Moulinette propose des <strong>menus exclusivement v\u00e9g\u00e9tariens ou v\u00e9gans.<\/strong>.. mais n\u00e9anmoins tr\u00e8s gourmands !<\/p>\n\n\n\n<figure class=\"wp-block-gallery columns-2 is-cropped wp-block-gallery-2 is-layout-flex wp-block-gallery-is-layout-flex\"><ul class=\"blocks-gallery-grid\"><li class=\"blocks-gallery-item\"><figure><img loading=\"lazy\" decoding=\"async\" width=\"225\" height=\"300\" src=\"http:\/\/lamoulinettelille.fr\/wp-content\/uploads\/2023\/07\/Manger-et-boire-01-225x300.jpeg\" alt=\"\" data-id=\"624\" data-link=\"http:\/\/lamoulinettelille.fr\/?attachment_id=624\" class=\"wp-image-624\" srcset=\"https:\/\/lamoulinettelille.fr\/wp-content\/uploads\/2023\/07\/Manger-et-boire-01-225x300.jpeg 225w, https:\/\/lamoulinettelille.fr\/wp-content\/uploads\/2023\/07\/Manger-et-boire-01-768x1024.jpeg 768w, https:\/\/lamoulinettelille.fr\/wp-content\/uploads\/2023\/07\/Manger-et-boire-01-1152x1536.jpeg 1152w, https:\/\/lamoulinettelille.fr\/wp-content\/uploads\/2023\/07\/Manger-et-boire-01-1536x2048.jpeg 1536w, https:\/\/lamoulinettelille.fr\/wp-content\/uploads\/2023\/07\/Manger-et-boire-01-600x800.jpeg 600w, https:\/\/lamoulinettelille.fr\/wp-content\/uploads\/2023\/07\/Manger-et-boire-01-scaled.jpeg 1920w\" sizes=\"auto, (max-width: 225px) 100vw, 225px\" \/><\/figure><\/li><li class=\"blocks-gallery-item\"><figure><img decoding=\"async\" src=\"http:\/\/lamoulinettelille.fr\/wp-content\/uploads\/2023\/07\/Manger-et-boire-02-2.jpg\" alt=\"\" data-id=\"642\" data-link=\"http:\/\/lamoulinettelille.fr\/?attachment_id=642\" class=\"wp-image-642\"\/><\/figure><\/li><\/ul><\/figure>\n\n\n\n<figure class=\"wp-block-gallery columns-2 is-cropped wp-block-gallery-3 is-layout-flex wp-block-gallery-is-layout-flex\"><ul class=\"blocks-gallery-grid\"><li class=\"blocks-gallery-item\"><figure><img decoding=\"async\" src=\"http:\/\/lamoulinettelille.fr\/wp-content\/uploads\/2023\/07\/Manger-et-boire-03-1.jpg\" alt=\"\" data-id=\"627\" data-link=\"http:\/\/lamoulinettelille.fr\/?attachment_id=627\" class=\"wp-image-627\"\/><\/figure><\/li><li class=\"blocks-gallery-item\"><figure><img loading=\"lazy\" decoding=\"async\" width=\"768\" height=\"1024\" src=\"http:\/\/lamoulinettelille.fr\/wp-content\/uploads\/2023\/07\/Manger-et-boire-04-1-768x1024.jpeg\" alt=\"\" data-id=\"626\" data-full-url=\"http:\/\/lamoulinettelille.fr\/wp-content\/uploads\/2023\/07\/Manger-et-boire-04-1-scaled.jpeg\" data-link=\"http:\/\/lamoulinettelille.fr\/?attachment_id=626\" class=\"wp-image-626\" srcset=\"https:\/\/lamoulinettelille.fr\/wp-content\/uploads\/2023\/07\/Manger-et-boire-04-1-768x1024.jpeg 768w, https:\/\/lamoulinettelille.fr\/wp-content\/uploads\/2023\/07\/Manger-et-boire-04-1-225x300.jpeg 225w, https:\/\/lamoulinettelille.fr\/wp-content\/uploads\/2023\/07\/Manger-et-boire-04-1-1152x1536.jpeg 1152w, https:\/\/lamoulinettelille.fr\/wp-content\/uploads\/2023\/07\/Manger-et-boire-04-1-1536x2048.jpeg 1536w, https:\/\/lamoulinettelille.fr\/wp-content\/uploads\/2023\/07\/Manger-et-boire-04-1-600x800.jpeg 600w, https:\/\/lamoulinettelille.fr\/wp-content\/uploads\/2023\/07\/Manger-et-boire-04-1-scaled.jpeg 1920w\" sizes=\"auto, (max-width: 768px) 100vw, 768px\" \/><\/figure><\/li><\/ul><\/figure>\n\n\n\n<p><strong>Les menus de la Moulinette changent chaque semaine en fonction des productions agricoles et de l&#8217;inspiration des cuisini\u00e8res. <\/strong><\/p>\n\n\n\n<p><strong>Quels que soient<\/strong> <strong>votre budget et votre faim<\/strong>, vous pourrez grignoter ou vous rassasier, aux diff\u00e9rentes heures de la journ\u00e9e !<\/p>\n\n\n\n<figure class=\"wp-block-gallery columns-3 is-cropped wp-block-gallery-4 is-layout-flex wp-block-gallery-is-layout-flex\"><ul class=\"blocks-gallery-grid\"><li class=\"blocks-gallery-item\"><figure><img loading=\"lazy\" decoding=\"async\" width=\"724\" height=\"1024\" src=\"http:\/\/lamoulinettelille.fr\/wp-content\/uploads\/2023\/06\/navet-724x1024.png\" alt=\"\" data-id=\"505\" data-full-url=\"http:\/\/lamoulinettelille.fr\/wp-content\/uploads\/2023\/06\/navet.png\" data-link=\"http:\/\/lamoulinettelille.fr\/?attachment_id=505\" class=\"wp-image-505\" srcset=\"https:\/\/lamoulinettelille.fr\/wp-content\/uploads\/2023\/06\/navet-724x1024.png 724w, https:\/\/lamoulinettelille.fr\/wp-content\/uploads\/2023\/06\/navet-212x300.png 212w, https:\/\/lamoulinettelille.fr\/wp-content\/uploads\/2023\/06\/navet-768x1086.png 768w, https:\/\/lamoulinettelille.fr\/wp-content\/uploads\/2023\/06\/navet-1086x1536.png 1086w, https:\/\/lamoulinettelille.fr\/wp-content\/uploads\/2023\/06\/navet-1448x2048.png 1448w, https:\/\/lamoulinettelille.fr\/wp-content\/uploads\/2023\/06\/navet-600x849.png 600w\" sizes=\"auto, (max-width: 724px) 100vw, 724px\" \/><\/figure><\/li><li class=\"blocks-gallery-item\"><figure><img loading=\"lazy\" decoding=\"async\" width=\"1024\" height=\"724\" src=\"http:\/\/lamoulinettelille.fr\/wp-content\/uploads\/2023\/06\/ail-1024x724.jpg\" alt=\"\" data-id=\"477\" data-full-url=\"http:\/\/lamoulinettelille.fr\/wp-content\/uploads\/2023\/06\/ail-scaled.jpg\" data-link=\"http:\/\/lamoulinettelille.fr\/?attachment_id=477\" class=\"wp-image-477\" srcset=\"https:\/\/lamoulinettelille.fr\/wp-content\/uploads\/2023\/06\/ail-1024x724.jpg 1024w, https:\/\/lamoulinettelille.fr\/wp-content\/uploads\/2023\/06\/ail-300x212.jpg 300w, https:\/\/lamoulinettelille.fr\/wp-content\/uploads\/2023\/06\/ail-768x543.jpg 768w, https:\/\/lamoulinettelille.fr\/wp-content\/uploads\/2023\/06\/ail-1536x1086.jpg 1536w, https:\/\/lamoulinettelille.fr\/wp-content\/uploads\/2023\/06\/ail-2048x1448.jpg 2048w, https:\/\/lamoulinettelille.fr\/wp-content\/uploads\/2023\/06\/ail-600x424.jpg 600w\" sizes=\"auto, (max-width: 1024px) 100vw, 1024px\" \/><\/figure><\/li><li class=\"blocks-gallery-item\"><figure><img loading=\"lazy\" decoding=\"async\" width=\"700\" height=\"1024\" src=\"http:\/\/lamoulinettelille.fr\/wp-content\/uploads\/2023\/06\/aubergine-700x1024.jpg\" alt=\"\" data-id=\"479\" data-full-url=\"http:\/\/lamoulinettelille.fr\/wp-content\/uploads\/2023\/06\/aubergine-scaled.jpg\" data-link=\"http:\/\/lamoulinettelille.fr\/?attachment_id=479\" class=\"wp-image-479\" srcset=\"https:\/\/lamoulinettelille.fr\/wp-content\/uploads\/2023\/06\/aubergine-700x1024.jpg 700w, https:\/\/lamoulinettelille.fr\/wp-content\/uploads\/2023\/06\/aubergine-205x300.jpg 205w, https:\/\/lamoulinettelille.fr\/wp-content\/uploads\/2023\/06\/aubergine-768x1123.jpg 768w, https:\/\/lamoulinettelille.fr\/wp-content\/uploads\/2023\/06\/aubergine-1051x1536.jpg 1051w, https:\/\/lamoulinettelille.fr\/wp-content\/uploads\/2023\/06\/aubergine-1401x2048.jpg 1401w, https:\/\/lamoulinettelille.fr\/wp-content\/uploads\/2023\/06\/aubergine-600x877.jpg 600w, https:\/\/lamoulinettelille.fr\/wp-content\/uploads\/2023\/06\/aubergine-scaled.jpg 1751w\" sizes=\"auto, (max-width: 700px) 100vw, 700px\" \/><\/figure><\/li><\/ul><\/figure>\n\n\n\n<p>Manger \u00e0 la Moulinette c&#8217;est<strong> favoriser une agriculture locale, paysanne, biologique.<\/strong> <\/p>\n\n\n\n<hr class=\"wp-block-separator\"\/>\n\n\n\n<h3 class=\"wp-block-heading\">Les boissons<\/h3>\n\n\n\n<figure class=\"wp-block-gallery aligncenter columns-1 is-cropped wp-block-gallery-5 is-layout-flex wp-block-gallery-is-layout-flex\"><ul class=\"blocks-gallery-grid\"><li class=\"blocks-gallery-item\"><figure><img loading=\"lazy\" decoding=\"async\" width=\"768\" height=\"1024\" src=\"https:\/\/lamoulinettelille.fr\/wp-content\/uploads\/2023\/07\/Les-boissons-01-768x1024.jpeg\" alt=\"\" data-id=\"628\" data-full-url=\"https:\/\/lamoulinettelille.fr\/wp-content\/uploads\/2023\/07\/Les-boissons-01-scaled.jpeg\" data-link=\"https:\/\/lamoulinettelille.fr\/?attachment_id=628\" class=\"wp-image-628\" srcset=\"https:\/\/lamoulinettelille.fr\/wp-content\/uploads\/2023\/07\/Les-boissons-01-768x1024.jpeg 768w, https:\/\/lamoulinettelille.fr\/wp-content\/uploads\/2023\/07\/Les-boissons-01-225x300.jpeg 225w, https:\/\/lamoulinettelille.fr\/wp-content\/uploads\/2023\/07\/Les-boissons-01-1152x1536.jpeg 1152w, https:\/\/lamoulinettelille.fr\/wp-content\/uploads\/2023\/07\/Les-boissons-01-1536x2048.jpeg 1536w, https:\/\/lamoulinettelille.fr\/wp-content\/uploads\/2023\/07\/Les-boissons-01-600x800.jpeg 600w, https:\/\/lamoulinettelille.fr\/wp-content\/uploads\/2023\/07\/Les-boissons-01-scaled.jpeg 1920w\" sizes=\"auto, (max-width: 768px) 100vw, 768px\" \/><\/figure><\/li><\/ul><\/figure>\n\n\n\n<p>La Moulinette vous propose des<strong> boissons chaudes et fra\u00eeches, <\/strong>avec ou sans alcool, choisies avec soin et coh\u00e9rence, le plus souvent en BIO. Venez tester nos <strong>bi\u00e8res artisanales,<\/strong> notre caf\u00e9 zapatiste, ou encore notre k\u00e9fir ou nos sirops maison ! <\/p>\n\n\n\n<figure class=\"wp-block-gallery columns-2 is-cropped wp-block-gallery-6 is-layout-flex wp-block-gallery-is-layout-flex\"><ul class=\"blocks-gallery-grid\"><li class=\"blocks-gallery-item\"><figure><img loading=\"lazy\" decoding=\"async\" width=\"768\" height=\"1024\" src=\"https:\/\/lamoulinettelille.fr\/wp-content\/uploads\/2023\/07\/Les-boissons-02-768x1024.jpeg\" alt=\"\" data-id=\"629\" data-link=\"https:\/\/lamoulinettelille.fr\/?attachment_id=629\" class=\"wp-image-629\" srcset=\"https:\/\/lamoulinettelille.fr\/wp-content\/uploads\/2023\/07\/Les-boissons-02-768x1024.jpeg 768w, https:\/\/lamoulinettelille.fr\/wp-content\/uploads\/2023\/07\/Les-boissons-02-225x300.jpeg 225w, https:\/\/lamoulinettelille.fr\/wp-content\/uploads\/2023\/07\/Les-boissons-02-1152x1536.jpeg 1152w, https:\/\/lamoulinettelille.fr\/wp-content\/uploads\/2023\/07\/Les-boissons-02-1536x2048.jpeg 1536w, https:\/\/lamoulinettelille.fr\/wp-content\/uploads\/2023\/07\/Les-boissons-02-600x800.jpeg 600w, https:\/\/lamoulinettelille.fr\/wp-content\/uploads\/2023\/07\/Les-boissons-02-scaled.jpeg 1920w\" sizes=\"auto, (max-width: 768px) 100vw, 768px\" \/><\/figure><\/li><li class=\"blocks-gallery-item\"><figure><img loading=\"lazy\" decoding=\"async\" width=\"768\" height=\"1024\" src=\"https:\/\/lamoulinettelille.fr\/wp-content\/uploads\/2023\/07\/Les-boissons-03-768x1024.jpeg\" alt=\"\" data-id=\"630\" data-full-url=\"https:\/\/lamoulinettelille.fr\/wp-content\/uploads\/2023\/07\/Les-boissons-03-scaled.jpeg\" data-link=\"https:\/\/lamoulinettelille.fr\/?attachment_id=630\" class=\"wp-image-630\" srcset=\"https:\/\/lamoulinettelille.fr\/wp-content\/uploads\/2023\/07\/Les-boissons-03-768x1024.jpeg 768w, https:\/\/lamoulinettelille.fr\/wp-content\/uploads\/2023\/07\/Les-boissons-03-225x300.jpeg 225w, https:\/\/lamoulinettelille.fr\/wp-content\/uploads\/2023\/07\/Les-boissons-03-1152x1536.jpeg 1152w, https:\/\/lamoulinettelille.fr\/wp-content\/uploads\/2023\/07\/Les-boissons-03-1536x2048.jpeg 1536w, https:\/\/lamoulinettelille.fr\/wp-content\/uploads\/2023\/07\/Les-boissons-03-600x800.jpeg 600w, https:\/\/lamoulinettelille.fr\/wp-content\/uploads\/2023\/07\/Les-boissons-03-scaled.jpeg 1920w\" sizes=\"auto, (max-width: 768px) 100vw, 768px\" \/><\/figure><\/li><\/ul><\/figure>\n\n\n\n<hr class=\"wp-block-separator\"\/>\n\n\n\n<h3 class=\"wp-block-heading\">Les Fournisseurs<\/h3>\n\n\n\n<p>La Moulinette accorde un soin particulier dans le choix de ses fournisseurs. A la recherche de <strong>bons produits respectueux de l&#8217;environnement et de l&#8217;humain<\/strong>, La Moulinette s&#8217;engage sur des partenariats locaux au long cours avec des producteur\u00b7trices et distributeur\u00b7trices. D\u00e9couvrez-les ici !<\/p>\n\n\n\n<ul class=\"wp-block-list\"><li><strong><a href=\"http:\/\/facebook.com\/brood.lille\/\">Brood<\/a><\/strong><a href=\"http:\/\/facebook.com\/brood.lille\/\"><strong> <\/strong><\/a>(pains)<\/li><\/ul>\n\n\n\n<ul class=\"wp-block-list\"><li><a href=\"https:\/\/entraidunion.com\"><strong>Entraid&#8217;Union <\/strong><\/a>(l\u00e9gumes, fruits, \u0153ufs)<\/li><\/ul>\n\n\n\n<ul class=\"wp-block-list\"><li><strong><a href=\"https:\/\/laffinee.fr\" data-type=\"URL\" data-id=\"https:\/\/laffinee.fr\">L&#8217;Affin\u00e9e<\/a><\/strong> (fromages)<\/li><\/ul>\n\n\n\n<ul class=\"wp-block-list\"><li><strong><a href=\"http:\/\/biocoop-verttige.fr\">Vert&#8217;Tige, boutique BioCoop <\/a><\/strong>(pour les appoints)<\/li><\/ul>\n\n\n\n<ul class=\"wp-block-list\"><li><strong><a href=\"http:\/\/enercoop.fr\">E<\/a><a href=\"http:\/\/enercoop.fr\" data-type=\"URL\" data-id=\"enercoop.fr\">NERCOOP<\/a><\/strong> (\u00e9lectricit\u00e9 verte)<\/li><\/ul>\n\n\n\n<hr class=\"wp-block-separator\"\/>\n\n\n\n<h2 class=\"wp-block-heading\">Caf\u00e9s et repas suspendus : la solidarit\u00e9 en acte<\/h2>\n\n\n\n<p>Boire un caf\u00e9 ou manger un repas chaud dans un&nbsp;caf\u00e9 ou un restaurant&nbsp;quand on n\u2019en a pas les moyens, c\u2019est parfois possible ! <\/p>\n\n\n\n<p>Gr\u00e2ce \u00e0 la <strong>solidarit\u00e9 des autres <\/strong>client\u00b7es qui ont accept\u00e9 de laisser un pourboire ou un peu plus que le prix de leur consommation, le commerce peut \u201coffrir\u201d des consommations aux personnes en grande pr\u00e9carit\u00e9 : tel est <strong>le principe du caf\u00e9 ou du repas \u201csuspendu\u201d<\/strong>.&nbsp;<\/p>\n\n\n\n<figure class=\"wp-block-gallery columns-2 is-cropped wp-block-gallery-7 is-layout-flex wp-block-gallery-is-layout-flex\"><ul class=\"blocks-gallery-grid\"><li class=\"blocks-gallery-item\"><figure><img loading=\"lazy\" decoding=\"async\" width=\"768\" height=\"1024\" src=\"https:\/\/lamoulinettelille.fr\/wp-content\/uploads\/2023\/07\/Cafes-et-repas-suspendus-768x1024.jpeg\" alt=\"\" data-id=\"616\" data-link=\"https:\/\/lamoulinettelille.fr\/?attachment_id=616\" class=\"wp-image-616\" srcset=\"https:\/\/lamoulinettelille.fr\/wp-content\/uploads\/2023\/07\/Cafes-et-repas-suspendus-768x1024.jpeg 768w, https:\/\/lamoulinettelille.fr\/wp-content\/uploads\/2023\/07\/Cafes-et-repas-suspendus-225x300.jpeg 225w, https:\/\/lamoulinettelille.fr\/wp-content\/uploads\/2023\/07\/Cafes-et-repas-suspendus-1152x1536.jpeg 1152w, https:\/\/lamoulinettelille.fr\/wp-content\/uploads\/2023\/07\/Cafes-et-repas-suspendus-1536x2048.jpeg 1536w, https:\/\/lamoulinettelille.fr\/wp-content\/uploads\/2023\/07\/Cafes-et-repas-suspendus-600x800.jpeg 600w, https:\/\/lamoulinettelille.fr\/wp-content\/uploads\/2023\/07\/Cafes-et-repas-suspendus-scaled.jpeg 1920w\" sizes=\"auto, (max-width: 768px) 100vw, 768px\" \/><\/figure><\/li><li class=\"blocks-gallery-item\"><figure><img loading=\"lazy\" decoding=\"async\" width=\"768\" height=\"1024\" src=\"https:\/\/lamoulinettelille.fr\/wp-content\/uploads\/2023\/07\/Cafes-et-repas-suspendus-2-768x1024.jpeg\" alt=\"\" data-id=\"617\" data-full-url=\"https:\/\/lamoulinettelille.fr\/wp-content\/uploads\/2023\/07\/Cafes-et-repas-suspendus-2-scaled.jpeg\" data-link=\"https:\/\/lamoulinettelille.fr\/?attachment_id=617\" class=\"wp-image-617\" srcset=\"https:\/\/lamoulinettelille.fr\/wp-content\/uploads\/2023\/07\/Cafes-et-repas-suspendus-2-768x1024.jpeg 768w, https:\/\/lamoulinettelille.fr\/wp-content\/uploads\/2023\/07\/Cafes-et-repas-suspendus-2-225x300.jpeg 225w, https:\/\/lamoulinettelille.fr\/wp-content\/uploads\/2023\/07\/Cafes-et-repas-suspendus-2-1152x1536.jpeg 1152w, https:\/\/lamoulinettelille.fr\/wp-content\/uploads\/2023\/07\/Cafes-et-repas-suspendus-2-1536x2048.jpeg 1536w, https:\/\/lamoulinettelille.fr\/wp-content\/uploads\/2023\/07\/Cafes-et-repas-suspendus-2-600x800.jpeg 600w, https:\/\/lamoulinettelille.fr\/wp-content\/uploads\/2023\/07\/Cafes-et-repas-suspendus-2-scaled.jpeg 1920w\" sizes=\"auto, (max-width: 768px) 100vw, 768px\" \/><\/figure><\/li><\/ul><\/figure>\n\n\n\n<p>Les lieux, \u00e0 Lille ou ailleurs, qui pratiquent les consommations suspendues sont en r\u00e9seau \u00e0 travers <a rel=\"noreferrer noopener\" href=\"https:\/\/lacloche.org\/le-carillon-reseau-de-commercants-solidaires\" target=\"_blank\">le programme Le Carillon de l\u2019association La Cloche<\/a>.<\/p>\n\n\n\n<p>Au-del\u00e0 des consommations, l\u2019id\u00e9e du r\u00e9seau Le Carillon est aussi d\u2019offrir un<strong> espace accueillant <\/strong>o\u00f9 les personnes peuvent <strong>\u00eatre re\u00e7ues dignement<\/strong> et acc\u00e9der \u00e0 nombre de petits services. C&#8217;est aussi permettre aux personnes de savoir qu\u2019elles&nbsp;seront<strong> accueillies avec bienveillance<\/strong>, au-del\u00e0 des pr\u00e9jug\u00e9s.<\/p>\n\n\n\n<p><strong><em>Vous aussi, pensez \u00e0 contribuer au pot solidaire lors de votre prochain passage \u00e0 La Moulinette !<\/em><\/strong><\/p>\n","protected":false},"excerpt":{"rendered":"<p>R\u00e9servations possibles par t\u00e9l\u00e9phone d\u00e8s 9h30 au 03.74.44.17.04 Service du midi : 12h15\/14h30 Petite restauration le soir : 18h30\/22h Samedi, c&#8217;est Brunch : 11h30\/14h30 Vendredi soir, c&#8217;est resto-v\u00e9lo avec alternativement La roue libre ou \u00d4 saveurs mobiles. Notre charte culinaire : manger bien, manger sain&#8230; &hellip; <\/p>\n","protected":false},"author":1,"featured_media":0,"parent":0,"menu_order":0,"comment_status":"closed","ping_status":"closed","template":"","meta":{"footnotes":""},"class_list":["post-28","page","type-page","status-publish","hentry"],"_links":{"self":[{"href":"https:\/\/lamoulinettelille.fr\/index.php?rest_route=\/wp\/v2\/pages\/28","targetHints":{"allow":["GET"]}}],"collection":[{"href":"https:\/\/lamoulinettelille.fr\/index.php?rest_route=\/wp\/v2\/pages"}],"about":[{"href":"https:\/\/lamoulinettelille.fr\/index.php?rest_route=\/wp\/v2\/types\/page"}],"author":[{"embeddable":true,"href":"https:\/\/lamoulinettelille.fr\/index.php?rest_route=\/wp\/v2\/users\/1"}],"replies":[{"embeddable":true,"href":"https:\/\/lamoulinettelille.fr\/index.php?rest_route=%2Fwp%2Fv2%2Fcomments&post=28"}],"version-history":[{"count":46,"href":"https:\/\/lamoulinettelille.fr\/index.php?rest_route=\/wp\/v2\/pages\/28\/revisions"}],"predecessor-version":[{"id":656,"href":"https:\/\/lamoulinettelille.fr\/index.php?rest_route=\/wp\/v2\/pages\/28\/revisions\/656"}],"wp:attachment":[{"href":"https:\/\/lamoulinettelille.fr\/index.php?rest_route=%2Fwp%2Fv2%2Fmedia&parent=28"}],"curies":[{"name":"wp","href":"https:\/\/api.w.org\/{rel}","templated":true}]}}